{"id":24,"date":"2021-02-20T01:43:56","date_gmt":"2021-02-19T22:43:56","guid":{"rendered":"https:\/\/fonddruzhba.ru\/?page_id=24"},"modified":"2023-12-07T13:24:48","modified_gmt":"2023-12-07T10:24:48","slug":"about-us-vi","status":"publish","type":"page","link":"https:\/\/fonddruzhba.ru\/vi\/about-us-vi\/","title":{"rendered":"V\u1ec0 CH\u00daNG T\u00d4I"},"content":{"rendered":"\r\n<p>Qu\u1ef9 th\u00fac \u0111\u1ea9y ph\u00e1t tri\u1ec3n h\u1ee3p t\u00e1c Nga-Vi\u1ec7t \u201cTruy\u1ec1n th\u1ed1ng v\u00e0 H\u1eefu ngh\u1ecb\u201d, g\u1ecdi t\u1eaft l\u00e0 Qu\u1ef9 \u201cTruy\u1ec1n th\u1ed1ng v\u00e0 H\u1eefu ngh\u1ecb\u201d, l\u00e0 t\u1ed5 ch\u1ee9c phi l\u1ee3i nhu\u1eadn \u0111\u01b0\u1ee3c \u0111\u0103ng k\u00fd ph\u00e1p nh\u00e2n ng\u00e0y 17 th\u00e1ng 8 n\u0103m 2020, gi\u1ea5y ph\u00e9p s\u1ed1 1207700294020 t\u1ea1i B\u1ed9 T\u01b0 ph\u00e1p Li\u00ean bang Nga.<br \/>M\u1ee5c \u0111\u00edch c\u1ee7a Qu\u1ef9: ph\u1ed1i h\u1ee3p c\u00e1c ngu\u1ed3n l\u1ef1c nh\u1eb1m h\u1ed7 tr\u1ee3 c\u00e1c ho\u1ea1t \u0111\u1ed9ng ngo\u1ea1i giao nh\u00e2n d\u00e2n, g\u00ecn gi\u1eef, c\u1ee7ng c\u1ed1 v\u00e0 ph\u00e1t tri\u1ec3n t\u00ecnh h\u1eefu ngh\u1ecb truy\u1ec1n th\u1ed1ng gi\u1eefa nh\u00e2n d\u00e2n hai n\u01b0\u1edbc, g\u00f3p ph\u1ea7n x\u00e2y d\u1ef1ng quan h\u1ec7 h\u1ee3p t\u00e1c chi\u1ebfn l\u01b0\u1ee3c to\u00e0n di\u1ec7n Vi\u1ec7t Nam \u2013 Li\u00ean bang Nga. Qu\u1ef9 ho\u1ea1t \u0111\u1ed9ng tr\u00ean c\u01a1 s\u1edf t\u1ef1 nguy\u1ec7n, phi l\u1ee3i nhu\u1eadn v\u00e0 t\u1ef1 ch\u1ee7 v\u1ec1 t\u00e0i ch\u00ednh.<\/p>\r\n\r\n\r\n\r\n<p>&nbsp;<\/p>\r\n\r\n\r\n\r\n<p>&nbsp;<\/p>\r\n\r\n\r\n<hr class=\"wp-block-separator\" \/>\r\n\r\n\r\n<h1 class=\"has-text-align-center wp-block-heading\"><strong>C\u01a0 C\u1ea4U T\u1ed4 CH\u1ee8C<\/strong><\/h1>\r\n\r\n<p><strong><br \/>H\u1ed9i \u0111\u1ed3ng qu\u1ea3n l\u00fd Qu\u1ef9<\/strong> <br \/>\u00a0 Ch\u1ee7 t\u1ecbch H\u1ed9i \u0111\u1ed3ng\u00a0 \u00a0 \u00a0 \u00a0 : \u0110\u1ed7 Xu\u00e2n Ho\u00e0ng<br \/>\u00a0 Th\u00e0nh vi\u00ean H\u1ed9i \u0111\u1ed3ng\u00a0 \u00a0: D\u01b0\u01a1ng Ch\u00ed Ki\u00ean<br \/>\u00a0 Th\u01b0 k\u00fd H\u1ed9i \u0111\u1ed3ng\u00a0 \u00a0 \u00a0 \u00a0 \u00a0 \u00a0: Efimova Mariya Igorevna<br \/><strong>H\u1ed9i \u0111\u1ed3ng b\u1ea3o tr\u1ee3<\/strong><br \/>\u00a0 Ch\u1ee7 t\u1ecbch H\u1ed9i \u0111\u1ed3ng\u00a0 \u00a0 \u00a0 \u00a0 \u00a0: Tr\u1ea7n Ph\u00fa Thu\u1eadn<br \/>\u00a0 Th\u00e0nh vi\u00ean H\u1ed9i \u0111\u1ed3ng\u00a0 \u00a0 : Glazunova Svetlana Evgenevna<br \/>\u00a0 Th\u00e0nh vi\u00ean H\u1ed9i \u0111\u1ed3ng\u00a0 \u00a0 : Buyanov Vladimir Petrovich<br \/>\u00a0 Th\u00e0nh vi\u00ean H\u1ed9i \u0111\u1ed3ng\u00a0 \u00a0 : Nguy\u1ec5n Tr\u1ecdng D\u01b0\u01a1ng<br \/><strong>Ban \u0111i\u1ec1u h\u00e0nh<\/strong> <br \/>\u00a0 Gi\u00e1m \u0111\u1ed1c\u00a0 \u00a0 \u00a0 \u00a0 \u00a0 \u00a0 \u00a0 \u00a0 \u00a0 \u00a0 \u00a0 \u00a0 : Nguy\u1ec5n Qu\u1ed1c H\u00f9ng<br \/>\u00a0 Gi\u00e1m \u0111\u1ed1c k\u1ef9 thu\u1eadt\u00a0 \u00a0 \u00a0 \u00a0 : Nguy\u1ec5n Ho\u00e0ng Giang<br \/>\u00a0 Th\u01b0 k\u00fd b\u00e1o ch\u00ed\u00a0 \u00a0 \u00a0 \u00a0 \u00a0 \u00a0 \u00a0 \u00a0: Efimova Mariya Igorevna<\/p>\r\n<hr class=\"wp-block-separator\" \/>\r\n\r\n\r\n<h1 class=\"has-text-align-center wp-block-heading\"><strong>LI\u00caN H\u1ec6<\/strong><\/h1>\r\n\r\n<p><strong data-rich-text-format-boundary=\"true\"><br \/>QU\u1ef8 &#8220;TRUY\u1ec0N TH\u1ed0NG V\u00c0 H\u1eeeU NGH\u1eca&#8221;<br \/><\/strong>M\u00e3 s\u1ed1 thu\u1ebf: 9710084869<br \/>\u0110\u1ecba ch\u1ec9: Moskva, ph\u1ed1 Tverskaya-Yamskaya 1, nh\u00e0 s\u1ed1 30, ph\u00f2ng s\u1ed1 1<br \/>Email: <a href=\"mailto:info@fonddruzhba.ru%20\">info@fonddruzhba.ru<\/a><br \/>\u0110i\u1ec7n tho\u1ea1i: +7 967 296-93-93<br \/>Web-site: <a href=\"https:\/\/fonddruzhba.ru\/\">www.fonddruzhba.ru<\/a><\/p>\r\n<hr class=\"wp-block-separator\" \/>\r\n\r\n\r\n<p><span style=\"color: #0000ff;\"><a style=\"color: #0000ff;\" href=\"https:\/\/fonddruzhba.ru\/vi\/chinh-sach-su-dung-cookie\/\">Ch\u00ednh s\u00e1ch s\u1eed d\u1ee5ng cookie<br \/><\/a><a style=\"color: #0000ff;\" href=\"https:\/\/fonddruzhba.ru\/vi\/chinh-sach-bao-mat\/\">Ch\u00ednh s\u00e1ch b\u1ea3o m\u1eadt<\/a><\/span><br \/><span style=\"color: #0000ff;\"><a style=\"color: #0000ff;\" href=\"https:\/\/fonddruzhba.ru\/vi\/hop-dong-quyen-gop\/\">H\u1ee3p \u0111\u1ed3ng quy\u00ean g\u00f3p<\/a><\/span><br \/><span style=\"color: #0000ff;\"><a style=\"color: #0000ff;\" href=\"https:\/\/fonddruzhba.ru\/vi\/phuong-thuc-quyen-gop\/\">Ph\u01b0\u01a1ng th\u1ee9c quy\u00ean g\u00f3p<\/a><\/span><strong><a href=\"https:\/\/fonddruzhba.ru\/vi\/phuong-thuc-quyen-gop\/\"><br \/><\/a><\/strong><\/p>\r\n","protected":false},"excerpt":{"rendered":"<p>Qu\u1ef9 th\u00fac \u0111\u1ea9y ph\u00e1t tri\u1ec3n h\u1ee3p t\u00e1c Nga-Vi\u1ec7t \u201cTruy\u1ec1n th\u1ed1ng v\u00e0 H\u1eefu ngh\u1ecb\u201d, g\u1ecdi t\u1eaft l\u00e0 Qu\u1ef9 \u201cTruy\u1ec1n th\u1ed1ng v\u00e0 H\u1eefu ngh\u1ecb\u201d, l\u00e0 t\u1ed5 ch\u1ee9c phi l\u1ee3i nhu\u1eadn \u0111\u01b0\u1ee3c \u0111\u0103ng k\u00fd ph\u00e1p nh\u00e2n ng\u00e0y 17 th\u00e1ng 8 n\u0103m 2020, gi\u1ea5y ph\u00e9p s\u1ed1 1207700294020 t\u1ea1i B\u1ed9 T\u01b0 ph\u00e1p Li\u00ean bang Nga.M\u1ee5c \u0111\u00edch c\u1ee7a Qu\u1ef9: ph\u1ed1i h\u1ee3p&#8230;<\/p>\n","protected":false},"author":1,"featured_media":0,"parent":0,"menu_order":0,"comment_status":"closed","ping_status":"closed","template":"","meta":{"_acf_changed":false,"footnotes":""},"class_list":["post-24","page","type-page","status-publish","hentry"],"acf":[],"_links":{"self":[{"href":"https:\/\/fonddruzhba.ru\/vi\/wp-json\/wp\/v2\/pages\/24","targetHints":{"allow":["GET"]}}],"collection":[{"href":"https:\/\/fonddruzhba.ru\/vi\/wp-json\/wp\/v2\/pages"}],"about":[{"href":"https:\/\/fonddruzhba.ru\/vi\/wp-json\/wp\/v2\/types\/page"}],"author":[{"embeddable":true,"href":"https:\/\/fonddruzhba.ru\/vi\/wp-json\/wp\/v2\/users\/1"}],"replies":[{"embeddable":true,"href":"https:\/\/fonddruzhba.ru\/vi\/wp-json\/wp\/v2\/comments?post=24"}],"version-history":[{"count":120,"href":"https:\/\/fonddruzhba.ru\/vi\/wp-json\/wp\/v2\/pages\/24\/revisions"}],"predecessor-version":[{"id":1450,"href":"https:\/\/fonddruzhba.ru\/vi\/wp-json\/wp\/v2\/pages\/24\/revisions\/1450"}],"wp:attachment":[{"href":"https:\/\/fonddruzhba.ru\/vi\/wp-json\/wp\/v2\/media?parent=24"}],"curies":[{"name":"wp","href":"https:\/\/api.w.org\/{rel}","templated":true}]}}