{"id":356,"date":"2021-03-12T13:48:30","date_gmt":"2021-03-12T10:48:30","guid":{"rendered":"https:\/\/fonddruzhba.ru\/?page_id=356"},"modified":"2024-07-09T19:04:55","modified_gmt":"2024-07-09T16:04:55","slug":"donation_methods","status":"publish","type":"page","link":"https:\/\/fonddruzhba.ru\/vi\/donation_methods\/","title":{"rendered":"C\u00e1c ph\u01b0\u01a1ng th\u1ee9c quy\u00ean g\u00f3p"},"content":{"rendered":"\n<h2 class=\"wp-block-heading\"><strong>Chuy\u1ec3n v\u00e0o t\u00e0i kho\u1ea3n ng\u00e2n h\u00e0ng<\/strong><\/h2>\n\n\n\n<p>Ng\u01b0\u1eddi nh\u1eadn: \u041f\u043e\u043b\u0443\u0447\u0430\u0442\u0435\u043b\u044c: \u0424\u043e\u043d\u0434 \u0441\u043e\u0434\u0435\u0439\u0441\u0442\u0432\u0438\u044f \u0440\u0430\u0437\u0432\u0438\u0442\u0438\u044e \u0440\u0443\u0441\u0441\u043a\u043e-\u0432\u044c\u0435\u0442\u043d\u0430\u043c\u0441\u043a\u043e\u0433\u043e \u0441\u043e\u0442\u0440\u0443\u0434\u043d\u0438\u0447\u0435\u0441\u0442\u0432\u0430 \u201c\u0422\u0440\u0430\u0434\u0438\u0446\u0438\u0438 \u0438 \u0434\u0440\u0443\u0436\u0431\u0430\u201d<\/p>\n\n\n\n<p>\u0418\u041d\u041d\/\u041a\u041f\u041f: 9710084869\/771001001<\/p>\n\n\n\n<p>\u0110\u1ecba ch\u1ec9 \u0410\u0434\u0440\u0435\u0441: 125047, \u0433. \u041c\u043e\u0441\u043a\u0432\u0430, \u0443\u043b. 1-\u044f \u0422\u0432\u0435\u0440\u0441\u043a\u0430\u044f-\u042f\u043c\u0441\u043a\u0430\u044f, \u0434. 30, \u043e\u0444. 01\u0411.<\/p>\n\n\n\n<p>S\u1ed1 t\u00e0i kho\u1ea3n \u0420\u0430\u0441\u0447\u0435\u0442\u043d\u044b\u0439 \u0441\u0447\u0435\u0442: 40701810538000004990<\/p>\n\n\n\n<p>Ng\u00e2n h\u00e0ng: \u041f\u0410\u041e \u0421\u0431\u0435\u0440\u0431\u0430\u043d\u043a<\/p>\n\n\n\n<p>\u0411\u0418\u041a 044525225<\/p>\n\n\n\n<p>\u041a\u043e\u0440\u0440 \u0441\u0447\u0435\u0442 30101810400000000225<\/p>\n\n\n\n<p>M\u1ee5c \u0111\u00edch \u0111\u00f3ng g\u00f3p \u041d\u0430\u0437\u043d\u0430\u0447\u0435\u043d\u0438\u0435 \u043f\u043b\u0430\u0442\u0435\u0436\u0430: \u041f\u043e\u0436\u0435\u0440\u0442\u0432\u043e\u0432\u0430\u043d\u0438\u0435 \u043d\u0430 \u043f\u043e\u0434\u0434\u0435\u0440\u0436\u043a\u0443 \u0434\u0435\u044f\u0442\u0435\u043b\u044c\u043d\u043e\u0441\u0442\u0438 \u0424\u043e\u043d\u0434\u0430 \u00ab\u0422\u0440\u0430\u0434\u0438\u0446\u0438\u0438 \u0438 \u0434\u0440\u0443\u0436\u0431\u0430\u00bb<\/p>\n\n\n\n<h2 class=\"wp-block-heading\"><strong>S\u1eed d\u1ee5ng th\u1ebb ng\u00e2n h\u00e0ng<\/strong><\/h2>\n\n\n\n<p>\u0110\u1ec3 quy\u00ean g\u00f3p b\u1eb1ng th\u1ebb ng\u00e2n h\u00e0ng, b\u1ea1n ph\u1ea3i nh\u1eadp s\u1ed1 ti\u1ec1n mu\u1ed1n \u0111\u00f3ng g\u00f3p tr\u00ean trang t\u01b0\u01a1ng \u1ee9ng, v\u00e0 b\u1ea5m v\u00e0o n\u00fat &#8220;Quy\u00ean g\u00f3p&#8221;.<\/p>\n\n\n\n<p>Vi\u1ec7c chuy\u1ec3n ti\u1ec1n \u0111\u01b0\u1ee3c th\u1ef1c hi\u1ec7n qua d\u1ecbch v\u1ee5 c\u1ee7a SBERBANK b\u1eb1ng th\u1ebb Ng\u00e2n h\u00e0ng c\u1ee7a c\u00e1c h\u1ec7 th\u1ed1ng thanh to\u00e1n sau:<\/p>\n\n\n\n<ul class=\"wp-block-list\"><li>Th\u1ebb MIR&nbsp;<img loading=\"lazy\" decoding=\"async\" width=\"51\" height=\"18\" src=\"https:\/\/fonddruzhba.ru\/wp-content\/uploads\/2021\/05\/mir.png\" alt=\"\"><\/li><li>Th\u1ebb VISA International&nbsp;<img loading=\"lazy\" decoding=\"async\" width=\"31\" height=\"20\" src=\"https:\/\/fonddruzhba.ru\/wp-content\/uploads\/2021\/05\/visa.png\" alt=\"\"><\/li><li>Th\u1ebb Mastercard Worldwide&nbsp;<img loading=\"lazy\" decoding=\"async\" width=\"31\" height=\"20\" src=\"https:\/\/fonddruzhba.ru\/wp-content\/uploads\/2021\/05\/mastercard.png\" alt=\"\"><\/li><\/ul>\n\n\n\n<p>\u0110\u1ec3 th\u1ef1c hi\u1ec7n vi\u1ec7c \u0111\u00f3ng g\u00f3p, b\u1ea1n s\u1ebd \u0111\u01b0\u1ee3c chuy\u1ec3n \u0111\u1ebfn c\u1ed5ng thanh to\u00e1n c\u1ee7a SBERBANK. K\u00eanh k\u1ebft n\u1ed1i v\u1edbi c\u1ed5ng thanh to\u00e1n v\u00e0 truy\u1ec1n th\u00f4ng tin \u0111\u01b0\u1ee3c th\u1ef1c hi\u1ec7n \u1edf ch\u1ebf \u0111\u1ed9 b\u1ea3o m\u1eadt b\u1eb1ng giao th\u1ee9c m\u00e3 h\u00f3a SSL. N\u1ebfu ng\u00e2n h\u00e0ng c\u1ee7a b\u1ea1n h\u1ed7 tr\u1ee3 c\u00f4ng ngh\u1ec7 thanh to\u00e1n tr\u1ef1c tuy\u1ebfn an to\u00e0n \u0111\u01b0\u1ee3c x\u00e1c minh b\u1eb1ng Visa, MasterCard SecureCode, MIR Accept, J-Secure, b\u1ea1n c\u0169ng c\u00f3 th\u1ec3 c\u1ea7n ph\u1ea3i nh\u1eadp m\u1eadt kh\u1ea9u \u0111\u1eb7c bi\u1ec7t \u0111\u1ec3 th\u1ef1c hi\u1ec7n vi\u1ec7c chuy\u1ec3n ti\u1ec1n.<\/p>\n\n\n\n<p>Trang web n\u00e0y h\u1ed7 tr\u1ee3 m\u00e3 h\u00f3a 256-bit. Th\u00f4ng tin c\u00e1 nh\u00e2n khai b\u00e1o \u0111\u01b0\u1ee3c b\u1ea3o m\u1eadt b\u1edfi PJSC SBERBANK. Th\u00f4ng tin \u0111\u00e3 nh\u1eadp s\u1ebd kh\u00f4ng \u0111\u01b0\u1ee3c cung c\u1ea5p cho b\u00ean th\u1ee9 ba, ngo\u1ea1i tr\u1eeb c\u00e1c tr\u01b0\u1eddng h\u1ee3p \u0111\u01b0\u1ee3c ph\u00e1p lu\u1eadt Li\u00ean bang Nga quy \u0111\u1ecbnh. Vi\u1ec7c chuy\u1ec3n ti\u1ec1n b\u1eb1ng th\u1ebb ng\u00e2n h\u00e0ng \u0111\u01b0\u1ee3c th\u1ef1c hi\u1ec7n theo \u0111\u00fang y\u00eau c\u1ea7u c\u1ee7a h\u1ec7 th\u1ed1ng thanh to\u00e1n MIR, Visa Int., MasterCard Europe Sprl, JCB.<\/p>\n\n\n\n<p>S\u1ed1 ti\u1ec1n \u0111\u00e3 chuy\u1ec3n c\u00f3 th\u1ec3 \u0111\u01b0\u1ee3c ho\u00e0n l\u1ea1i n\u1ebfu B\u00ean \u0111\u00f3ng g\u00f3p xin r\u00fat l\u1ea1i b\u1eb1ng v\u0103n b\u1ea3n trong v\u00f2ng 5 (n\u0103m) ng\u00e0y l\u00e0m vi\u1ec7c k\u1ec3 t\u1eeb ng\u00e0y \u0111\u00f3ng g\u00f3p. Ti\u1ec1n ho\u00e0n l\u1ea1i \u0111\u01b0\u1ee3c tr\u1ea3 v\u00e0o t\u00e0i kho\u1ea3n ng\u00e2n h\u00e0ng c\u1ee7a b\u1ea1n trong v\u00f2ng 5-30 ng\u00e0y l\u00e0m vi\u1ec7c (kho\u1ea3ng th\u1eddi gian n\u00e0y t\u00f9y thu\u1ed9c v\u00e0o Ng\u00e2n h\u00e0ng \u0111\u00e3 ph\u00e1t h\u00e0nh th\u1ebb ng\u00e2n h\u00e0ng c\u1ee7a b\u1ea1n).<\/p>\n\n\n\n<p>N\u1ebfu b\u1ea1n c\u00f3 b\u1ea5t k\u1ef3 v\u1ea5n \u0111\u1ec1 g\u00ec v\u1edbi vi\u1ec7c \u0111\u00f3ng g\u00f3p, h\u00e3y vi\u1ebft th\u01b0 cho ch\u00fang t\u00f4i t\u1ea1i info@fonddruzhba.ru<\/p>\n","protected":false},"excerpt":{"rendered":"<p>Chuy\u1ec3n v\u00e0o t\u00e0i kho\u1ea3n ng\u00e2n h\u00e0ng Ng\u01b0\u1eddi nh\u1eadn: \u041f\u043e\u043b\u0443\u0447\u0430\u0442\u0435\u043b\u044c: \u0424\u043e\u043d\u0434 \u0441\u043e\u0434\u0435\u0439\u0441\u0442\u0432\u0438\u044f \u0440\u0430\u0437\u0432\u0438\u0442\u0438\u044e \u0440\u0443\u0441\u0441\u043a\u043e-\u0432\u044c\u0435\u0442\u043d\u0430\u043c\u0441\u043a\u043e\u0433\u043e \u0441\u043e\u0442\u0440\u0443\u0434\u043d\u0438\u0447\u0435\u0441\u0442\u0432\u0430 \u201c\u0422\u0440\u0430\u0434\u0438\u0446\u0438\u0438 \u0438 \u0434\u0440\u0443\u0436\u0431\u0430\u201d \u0418\u041d\u041d\/\u041a\u041f\u041f: 9710084869\/771001001 \u0110\u1ecba ch\u1ec9 \u0410\u0434\u0440\u0435\u0441: 125047, \u0433. \u041c\u043e\u0441\u043a\u0432\u0430, \u0443\u043b. 1-\u044f \u0422\u0432\u0435\u0440\u0441\u043a\u0430\u044f-\u042f\u043c\u0441\u043a\u0430\u044f, \u0434. 30, \u043e\u0444. 01\u0411. S\u1ed1 t\u00e0i kho\u1ea3n \u0420\u0430\u0441\u0447\u0435\u0442\u043d\u044b\u0439 \u0441\u0447\u0435\u0442: 40701810538000004990 Ng\u00e2n h\u00e0ng: \u041f\u0410\u041e \u0421\u0431\u0435\u0440\u0431\u0430\u043d\u043a \u0411\u0418\u041a 044525225 \u041a\u043e\u0440\u0440 \u0441\u0447\u0435\u0442 30101810400000000225 M\u1ee5c \u0111\u00edch \u0111\u00f3ng g\u00f3p \u041d\u0430\u0437\u043d\u0430\u0447\u0435\u043d\u0438\u0435 \u043f\u043b\u0430\u0442\u0435\u0436\u0430: \u041f\u043e\u0436\u0435\u0440\u0442\u0432\u043e\u0432\u0430\u043d\u0438\u0435 \u043d\u0430&#8230;<\/p>\n","protected":false},"author":2,"featured_media":0,"parent":0,"menu_order":0,"comment_status":"closed","ping_status":"closed","template":"","meta":{"_acf_changed":false,"footnotes":""},"class_list":["post-356","page","type-page","status-publish","hentry"],"acf":[],"_links":{"self":[{"href":"https:\/\/fonddruzhba.ru\/vi\/wp-json\/wp\/v2\/pages\/356","targetHints":{"allow":["GET"]}}],"collection":[{"href":"https:\/\/fonddruzhba.ru\/vi\/wp-json\/wp\/v2\/pages"}],"about":[{"href":"https:\/\/fonddruzhba.ru\/vi\/wp-json\/wp\/v2\/types\/page"}],"author":[{"embeddable":true,"href":"https:\/\/fonddruzhba.ru\/vi\/wp-json\/wp\/v2\/users\/2"}],"replies":[{"embeddable":true,"href":"https:\/\/fonddruzhba.ru\/vi\/wp-json\/wp\/v2\/comments?post=356"}],"version-history":[{"count":5,"href":"https:\/\/fonddruzhba.ru\/vi\/wp-json\/wp\/v2\/pages\/356\/revisions"}],"predecessor-version":[{"id":1664,"href":"https:\/\/fonddruzhba.ru\/vi\/wp-json\/wp\/v2\/pages\/356\/revisions\/1664"}],"wp:attachment":[{"href":"https:\/\/fonddruzhba.ru\/vi\/wp-json\/wp\/v2\/media?parent=356"}],"curies":[{"name":"wp","href":"https:\/\/api.w.org\/{rel}","templated":true}]}}