{"id":425,"date":"2021-03-19T13:20:25","date_gmt":"2021-03-19T10:20:25","guid":{"rendered":"https:\/\/fonddruzhba.ru\/?page_id=425"},"modified":"2024-07-09T19:03:02","modified_gmt":"2024-07-09T16:03:02","slug":"privacy-policy","status":"publish","type":"page","link":"https:\/\/fonddruzhba.ru\/vi\/privacy-policy\/","title":{"rendered":"Ch\u00ednh s\u00e1ch b\u1ea3o m\u1eadt"},"content":{"rendered":"\n<p>1. Quy \u0111\u1ecbnh chung<\/p>\n\n\n\n<p>Ch\u00ednh s\u00e1ch x\u1eed l\u00fd d\u1eef li\u1ec7u c\u00e1 nh\u00e2n n\u00e0y \u0111\u01b0\u1ee3c so\u1ea1n th\u1ea3o ph\u00f9 h\u1ee3p v\u1edbi c\u00e1c y\u00eau c\u1ea7u c\u1ee7a Lu\u1eadt Li\u00ean bang ng\u00e0y 27 th\u00e1ng 7 n\u0103m 2006. \u2116 152-FZ &#8220;V\u1ec1 d\u1eef li\u1ec7u c\u00e1 nh\u00e2n&#8221; v\u00e0 x\u00e1c \u0111\u1ecbnh quy tr\u00ecnh x\u1eed l\u00fd d\u1eef li\u1ec7u c\u00e1 nh\u00e2n v\u00e0 c\u00e1c bi\u1ec7n ph\u00e1p \u0111\u1ea3m b\u1ea3o an to\u00e0n cho d\u1eef li\u1ec7u c\u00e1 nh\u00e2n \u0111\u01b0\u1ee3c th\u1ef1c hi\u1ec7n b\u1edfi Qu\u1ef9 Truy\u1ec1n th\u1ed1ng v\u00e0 h\u1eefu ngh\u1ecb (sau \u0111\u00e2y g\u1ecdi l\u00e0 &#8220;Qu\u1ef9&#8221;).<\/p>\n\n\n\n<p>1.1. Qu\u1ef9 \u0111\u1eb7t m\u1ee5c ti\u00eau v\u00e0 \u0111i\u1ec1u ki\u1ec7n quan tr\u1ecdng nh\u1ea5t \u0111\u1ec3 th\u1ef1c hi\u1ec7n c\u00e1c ho\u1ea1t \u0111\u1ed9ng c\u1ee7a m\u00ecnh l\u00e0 tu\u00e2n th\u1ee7 c\u00e1c quy\u1ec1n v\u00e0 t\u1ef1 do con ng\u01b0\u1eddi v\u00e0 c\u00f4ng d\u00e2n khi x\u1eed l\u00fd d\u1eef li\u1ec7u c\u00e1 nh\u00e2n c\u1ee7a h\u1ecd, bao g\u1ed3m c\u1ea3 vi\u1ec7c b\u1ea3o v\u1ec7 quy\u1ec1n ri\u00eang t\u01b0, b\u00ed m\u1eadt c\u00e1 nh\u00e2n v\u00e0 gia \u0111\u00ecnh.<\/p>\n\n\n\n<p>1.2. Ch\u00ednh s\u00e1ch n\u00e0y c\u1ee7a Qu\u1ef9 li\u00ean quan \u0111\u1ebfn vi\u1ec7c x\u1eed l\u00fd d\u1eef li\u1ec7u c\u00e1 nh\u00e2n (sau \u0111\u00e2y g\u1ecdi l\u00e0 &#8220;Ch\u00ednh s\u00e1ch&#8221;) \u00e1p d\u1ee5ng cho t\u1ea5t c\u1ea3 th\u00f4ng tin m\u00e0 Qu\u1ef9 c\u00f3 th\u1ec3 c\u00f3 \u0111\u01b0\u1ee3c v\u1ec1 kh\u00e1ch khi truy c\u1eadp v\u00e0o trang web https:\/\/fonddruzhba.ru (sau \u0111\u00e2y g\u1ecdi l\u00e0 Trang web) .<\/p>\n\n\n\n<p>2. C\u00e1c kh\u00e1i ni\u1ec7m c\u01a1 b\u1ea3n \u0111\u01b0\u1ee3c s\u1eed d\u1ee5ng trong Ch\u00ednh s\u00e1ch<\/p>\n\n\n\n<p>2.1. T\u1ef1 \u0111\u1ed9ng x\u1eed l\u00fd d\u1eef li\u1ec7u c\u00e1 nh\u00e2n &#8211; x\u1eed l\u00fd d\u1eef li\u1ec7u c\u00e1 nh\u00e2n b\u1eb1ng c\u00f4ng ngh\u1ec7 m\u00e1y t\u00ednh;<\/p>\n\n\n\n<p>2.2. Ch\u1eb7n d\u1eef li\u1ec7u c\u00e1 nh\u00e2n &#8211; t\u1ea1m ng\u1eebng x\u1eed l\u00fd d\u1eef li\u1ec7u c\u00e1 nh\u00e2n (tr\u1eeb khi vi\u1ec7c x\u1eed l\u00fd l\u00e0 c\u1ea7n thi\u1ebft \u0111\u1ec3 l\u00e0m r\u00f5 d\u1eef li\u1ec7u c\u00e1 nh\u00e2n);<\/p>\n\n\n\n<p>2.3. Trang web &#8211; m\u1ed9t t\u1eadp h\u1ee3p c\u00e1c t\u00e0i li\u1ec7u \u0111\u1ed3 h\u1ecda v\u00e0 th\u00f4ng tin, c\u0169ng nh\u01b0 c\u00e1c ch\u01b0\u01a1ng tr\u00ecnh m\u00e1y t\u00ednh v\u00e0 c\u01a1 s\u1edf d\u1eef li\u1ec7u, \u0111\u1ea3m b\u1ea3o t\u00ednh kh\u1ea3 d\u1ee5ng c\u1ee7a ch\u00fang tr\u00ean Internet t\u1ea1i \u0111\u1ecba ch\u1ec9 m\u1ea1ng https:\/\/fonddruzhba.ru;<\/p>\n\n\n\n<p>2.4. H\u1ec7 th\u1ed1ng th\u00f4ng tin d\u1eef li\u1ec7u c\u00e1 nh\u00e2n &#8211; t\u1eadp h\u1ee3p d\u1eef li\u1ec7u c\u00e1 nh\u00e2n ch\u1ee9a trong c\u01a1 s\u1edf d\u1eef li\u1ec7u v\u00e0 \u0111\u1ea3m b\u1ea3o qu\u00e1 tr\u00ecnh x\u1eed l\u00fd c\u00f4ng ngh\u1ec7 th\u00f4ng tin v\u00e0 ph\u01b0\u01a1ng ti\u1ec7n k\u1ef9 thu\u1eadt c\u1ee7a ch\u00fang;<\/p>\n\n\n\n<p>2.5. \u1ea8n danh d\u1eef li\u1ec7u c\u00e1 nh\u00e2n &#8211; c\u00e1c h\u00e0nh \u0111\u1ed9ng m\u00e0 k\u1ebft qu\u1ea3 l\u00e0 kh\u00f4ng th\u1ec3 x\u00e1c \u0111\u1ecbnh \u0111\u01b0\u1ee3c d\u1eef li\u1ec7u c\u00e1 nh\u00e2n thu\u1ed9c v\u1ec1 m\u1ed9t Ng\u01b0\u1eddi d\u00f9ng ho\u1eb7c ch\u1ee7 th\u1ec3 c\u1ee5 th\u1ec3 n\u00e0o kh\u00e1c m\u00e0 kh\u00f4ng d\u00f9ng \u0111\u1ebfn c\u00e1c th\u00f4ng tin b\u1ed5 sung;<\/p>\n\n\n\n<p>2.6. X\u1eed l\u00fd d\u1eef li\u1ec7u c\u00e1 nh\u00e2n &#8211; b\u1ea5t k\u1ef3 h\u00e0nh \u0111\u1ed9ng (ho\u1ea1t \u0111\u1ed9ng) ho\u1eb7c m\u1ed9t t\u1eadp h\u1ee3p c\u00e1c h\u00e0nh \u0111\u1ed9ng (ho\u1ea1t \u0111\u1ed9ng) \u0111\u01b0\u1ee3c th\u1ef1c hi\u1ec7n b\u1eb1ng c\u00e1c c\u00f4ng c\u1ee5 t\u1ef1 \u0111\u1ed9ng h\u00f3a ho\u1eb7c kh\u00f4ng s\u1eed d\u1ee5ng c\u00e1c c\u00f4ng c\u1ee5 \u0111\u00f3 v\u1edbi d\u1eef li\u1ec7u c\u00e1 nh\u00e2n, bao g\u1ed3m thu th\u1eadp, ghi l\u1ea1i, h\u1ec7 th\u1ed1ng h\u00f3a, t\u00edch l\u0169y, l\u01b0u tr\u1eef, l\u00e0m r\u00f5 (c\u1eadp nh\u1eadt, thay \u0111\u1ed5i), tr\u00edch xu\u1ea5t, s\u1eed d\u1ee5ng, chuy\u1ec3n giao (ph\u1ed5 bi\u1ebfn, c\u00f4ng b\u1ed1, cung c\u1ea5p, truy c\u1eadp), \u1ea9n danh, ch\u1eb7n, x\u00f3a, ph\u00e1 h\u1ee7y d\u1eef li\u1ec7u c\u00e1 nh\u00e2n;<\/p>\n\n\n\n<p>2.7. Ng\u01b0\u1eddi d\u00f9ng- b\u1ea5t k\u1ef3 ch\u1ee7 th\u1ec3 n\u00e0o truy c\u1eadp v\u00e0o Trang web;<\/p>\n\n\n\n<p>2.8. Ng\u01b0\u1eddi \u0111\u00f3ng g\u00f3p &#8211; l\u00e0 ng\u01b0\u1eddi d\u00f9ng \u0111\u00e3 t\u1ef1 nguy\u1ec7n ch\u1ea5p nh\u1eadn H\u1ee3p \u0111\u1ed3ng \u0111\u00f3ng g\u00f3p t\u1ef1 nguy\u1ec7n (sau \u0111\u00e2y g\u1ecdi l\u00e0 &#8220;\u0110\u1ec1 ngh\u1ecb&#8221;) tr\u00ean Trang web b\u1eb1ng c\u00e1ch \u0111i\u1ec1n v\u00e0o t\u1edd khai v\u1edbi d\u1eef li\u1ec7u c\u00e1 nh\u00e2n c\u1ee7a m\u00ecnh v\u00e0 \u0111\u1ed3ng \u00fd v\u1edbi c\u00e1c \u0111i\u1ec1u kho\u1ea3n c\u1ee7a h\u1ee3p \u0111\u1ed3ng.<\/p>\n\n\n\n<p>2.9. D\u1eef li\u1ec7u c\u00e1 nh\u00e2n &#8211; b\u1ea5t k\u1ef3 th\u00f4ng tin n\u00e0o li\u00ean quan tr\u1ef1c ti\u1ebfp ho\u1eb7c gi\u00e1n ti\u1ebfp \u0111\u1ebfn Ng\u01b0\u1eddi d\u00f9ng c\u1ee5 th\u1ec3 ho\u1eb7c c\u00f3 th\u1ec3 nh\u1eadn d\u1ea1ng ng\u01b0\u1eddi d\u00f9ng c\u1ee7a trang web.<\/p>\n\n\n\n<p>2.10. Cung c\u1ea5p d\u1eef li\u1ec7u c\u00e1 nh\u00e2n &#8211; c\u00e1c h\u00e0nh \u0111\u1ed9ng nh\u1eb1m ti\u1ebft l\u1ed9 d\u1eef li\u1ec7u c\u00e1 nh\u00e2n cho m\u1ed9t ng\u01b0\u1eddi nh\u1ea5t \u0111\u1ecbnh ho\u1eb7c m\u1ed9t nh\u00f3m ng\u01b0\u1eddi nh\u1ea5t \u0111\u1ecbnh;<\/p>\n\n\n\n<p>2.11. \u0110\u0103ng (c\u00f4ng b\u1ed1) d\u1eef li\u1ec7u c\u00e1 nh\u00e2n &#8211; b\u1ea5t k\u1ef3 h\u00e0nh \u0111\u1ed9ng n\u00e0o nh\u1eb1m m\u1ee5c \u0111\u00edch c\u00f4ng b\u1ed1 d\u1eef li\u1ec7u c\u00e1 nh\u00e2n cho m\u1ed9t nh\u00f3m ng\u01b0\u1eddi kh\u00f4ng x\u00e1c \u0111\u1ecbnh (chuy\u1ec3n d\u1eef li\u1ec7u c\u00e1 nh\u00e2n) ho\u1eb7c khi gi\u1edbi thi\u1ec7u d\u1eef li\u1ec7u c\u00e1 nh\u00e2n cho m\u1ed9t s\u1ed1 l\u01b0\u1ee3ng kh\u00f4ng gi\u1edbi h\u1ea1n ng\u01b0\u1eddi, bao g\u1ed3m c\u1ea3 vi\u1ec7c c\u00f4ng b\u1ed1 d\u1eef li\u1ec7u c\u00e1 nh\u00e2n tr\u00ean c\u00e1c ph\u01b0\u01a1ng ti\u1ec7n truy\u1ec1n th\u00f4ng, \u0111\u0103ng tr\u00ean m\u1ea1ng th\u00f4ng tin vi\u1ec5n th\u00f4ng ho\u1eb7c cung c\u1ea5p quy\u1ec1n truy c\u1eadp v\u00e0o d\u1eef li\u1ec7u c\u00e1 nh\u00e2n theo b\u1ea5t k\u1ef3 c\u00e1ch n\u00e0o kh\u00e1c;<\/p>\n\n\n\n<p>2.12. H\u1ee7y d\u1eef li\u1ec7u c\u00e1 nh\u00e2n &#8211; b\u1ea5t k\u1ef3 h\u00e0nh \u0111\u1ed9ng n\u00e0o d\u1eabn \u0111\u1ebfn vi\u1ec7c d\u1eef li\u1ec7u c\u00e1 nh\u00e2n b\u1ecb h\u1ee7y v\u0129nh vi\u1ec5n, v\u00e0 sau \u0111\u00f3 kh\u00f4ng th\u1ec3 kh\u00f4i ph\u1ee5c l\u1ea1i n\u1ed9i dung c\u1ee7a d\u1eef li\u1ec7u c\u00e1 nh\u00e2n trong h\u1ec7 th\u1ed1ng th\u00f4ng tin d\u1eef li\u1ec7u c\u00e1 nh\u00e2n v\u00e0 (ho\u1eb7c) v\u1eadt li\u1ec7u mang d\u1eef li\u1ec7u c\u00e1 nh\u00e2n b\u1ecb h\u1ee7y.<\/p>\n\n\n\n<p>3. D\u1eef li\u1ec7u \u0111\u01b0\u1ee3c x\u1eed l\u00fd<\/p>\n\n\n\n<p>3.1. Qu\u1ef9 c\u00f3 th\u1ec3 x\u1eed l\u00fd nh\u1eefng d\u1eef li\u1ec7u c\u00e1 nh\u00e2n sau \u0111\u00e2y c\u1ee7a Ng\u01b0\u1eddi \u0111\u00f3ng g\u00f3p: h\u1ecd, t\u00ean; h\u00f2m th\u01b0 \u0111i\u1ec7n t\u1eed; s\u1ed1 \u0111i\u1ec7n tho\u1ea1i; ng\u00e0y th\u00e1ng n\u0103m sinh v\u00e0 n\u01a1i sinh; qu\u1ed1c t\u1ecbch; n\u01a1i (th\u00e0nh ph\u1ed1) c\u01b0 tr\u00fa; ngh\u1ec1 nghi\u1ec7p, n\u01a1i l\u00e0m vi\u1ec7c; d\u1eef li\u1ec7u c\u1ee7a gi\u1ea5y t\u1edd t\u00f9y th\u00e2n; c\u0169ng nh\u01b0 th\u00f4ng tin b\u1ed5 sung do Ng\u01b0\u1eddi \u0111\u00f3ng g\u00f3p t\u1ef1 nguy\u1ec7n cung c\u1ea5p theo quy\u1ebft \u0111\u1ecbnh c\u1ee7a ri\u00eang m\u00ecnh, d\u1eef li\u1ec7u c\u00e1 nh\u00e2n kh\u00e1c \u0111\u01b0\u1ee3c ch\u1ec9 \u0111\u1ecbnh trong c\u00e1c bi\u1ec3u m\u1eabu \u0111\u0103ng k\u00fd, \u0111\u01b0\u1ee3c chuy\u1ec3n cho Qu\u1ef9 khi k\u00fd k\u1ebft v\u00e0 th\u1ef1c hi\u1ec7n \u0110\u1ec1 ngh\u1ecb tr\u00ean Trang web.<\/p>\n\n\n\n<p>3.2. Trang web c\u0169ng thu th\u1eadp v\u00e0 x\u1eed l\u00fd d\u1eef li\u1ec7u \u1ea9n danh v\u1ec1 kh\u00e1ch truy c\u1eadp (bao g\u1ed3m c\u00e1c file \u201ccookie\u201d) b\u1eb1ng c\u00e1ch s\u1eed d\u1ee5ng c\u00e1c d\u1ecbch v\u1ee5 th\u1ed1ng k\u00ea Internet (Yandex Metrica v\u00e0 Google Analytics v\u00e0 c\u00e1c d\u1ecbch v\u1ee5 kh\u00e1c).<\/p>\n\n\n\n<p>3.3. Nh\u1eefng th\u00f4ng tin d\u1eef li\u1ec7u n\u00eau tr\u00ean ti\u1ebfp theo \u0111\u00e2y trong v\u0103n b\u1ea3n \u0111\u01b0\u1ee3c g\u1ecdi th\u1ed1ng nh\u1ea5t b\u1edfi kh\u00e1i ni\u1ec7m chung l\u00e0 D\u1eef li\u1ec7u c\u00e1 nh\u00e2n.<\/p>\n\n\n\n<p>4. M\u1ee5c \u0111\u00edch x\u1eed l\u00fd d\u1eef li\u1ec7u c\u00e1 nh\u00e2n<\/p>\n\n\n\n<p>4.1. M\u1ee5c \u0111\u00edch c\u1ee7a vi\u1ec7c x\u1eed l\u00fd d\u1eef li\u1ec7u c\u00e1 nh\u00e2n c\u1ee7a Ng\u01b0\u1eddi \u0111\u00f3ng g\u00f3p nh\u1eb1m th\u1ef1c hi\u1ec7n t\u01b0\u01a1ng t\u00e1c gi\u1eefa Ng\u01b0\u1eddi \u0111\u00f3ng g\u00f3p v\u1edbi Qu\u1ef9 v\u1ec1 vi\u1ec7c k\u00fd k\u1ebft v\u00e0 th\u1ef1c hi\u1ec7n \u0110\u1ec1 ngh\u1ecb, trong \u0111\u00f3 c\u00f3 c\u1ea3 vi\u1ec7c g\u1eedi cho Ng\u01b0\u1eddi \u0111\u00f3ng g\u00f3p c\u00e1c th\u00f4ng b\u00e1o x\u00e1c nh\u1eadn \u0111\u00e3 nh\u1eadn \u0111\u01b0\u1ee3c kho\u1ea3n \u0111\u00f3ng g\u00f3p v\u00e0 v\u1ec1 vi\u1ec7c th\u1ef1c hi\u1ec7n h\u1ee3p \u0111\u1ed3ng; cung c\u1ea5p b\u00e1o c\u00e1o cho nh\u1eefng ng\u01b0\u1eddi \u0111\u00e3 \u0111\u00f3ng g\u00f3p ti\u1ec1n; g\u1eedi c\u00e1c tin nh\u1eafn th\u00f4ng tin v\u00e0 qu\u1ea3ng c\u00e1o \u0111\u1ebfn Ng\u01b0\u1eddi \u0111\u00f3ng g\u00f3p, bao g\u1ed3m c\u1ea3 h\u00f2m th\u01b0 \u0111i\u1ec7n t\u1eed v\u00e0\/ho\u1eb7c s\u1ed1 \u0111i\u1ec7n tho\u1ea1i di \u0111\u1ed9ng, ch\u1ee9a th\u00f4ng tin v\u1ec1 vi\u1ec7c Qu\u1ef9 th\u1ef1c hi\u1ec7n c\u00e1c ho\u1ea1t \u0111\u1ed9ng theo \u0111i\u1ec1u l\u1ec7 c\u1ee7a m\u00ecnh; \u0111\u1ea3m b\u1ea3o tu\u00e2n th\u1ee7 lu\u1eadt hi\u1ec7n h\u00e0nh; th\u00f4ng b\u00e1o cho c\u00f4ng ch\u00fang v\u1ec1 c\u00e1c ho\u1ea1t \u0111\u1ed9ng c\u1ee7a Qu\u1ef9, c\u0169ng nh\u01b0 vi\u1ec7c s\u1eed d\u1ee5ng c\u00e1c t\u00ednh n\u0103ng kh\u00e1c c\u1ee7a trang web c\u1ee7a Qu\u1ef9; \u0111\u0103ng th\u00f4ng tin v\u1ec1 Ng\u01b0\u1eddi \u0111\u00f3ng g\u00f3p khi \u0111\u01b0\u1ee3c s\u1ef1 \u0111\u1ed3ng \u00fd c\u1ee7a h\u1ecd tr\u00ean c\u00e1c ph\u01b0\u01a1ng ti\u1ec7n truy\u1ec1n th\u00f4ng v\u00e0 Internet, bao g\u1ed3m: tr\u00ean trang web ch\u00ednh th\u1ee9c c\u1ee7a Qu\u1ef9 https:\/\/fonddruzhba.ru, tr\u00ean m\u1ea1ng x\u00e3 h\u1ed9i, blog c\u00e1 nh\u00e2n v\u00e0 c\u00e1c ngu\u1ed3n th\u00f4ng tin kh\u00e1c; th\u1ef1c hi\u1ec7n c\u00e1c quy\u1ec1n v\u00e0 l\u1ee3i \u00edch h\u1ee3p ph\u00e1p c\u1ee7a Qu\u1ef9; th\u1ef1c hi\u1ec7n c\u00e1c ho\u1ea1t \u0111\u1ed9ng do \u0110i\u1ec1u l\u1ec7 c\u1ee7a Qu\u1ef9 quy \u0111\u1ecbnh; b\u00e1o c\u00e1o c\u1ee7a Qu\u1ef9 theo lu\u1eadt c\u1ee7a Li\u00ean bang Nga v\u1ec1 ho\u1ea1t \u0111\u1ed9ng c\u1ee7a c\u00e1c t\u1ed5 ch\u1ee9c phi l\u1ee3i nhu\u1eadn.<\/p>\n\n\n\n<p>4.2. Ngo\u00e0i ra, Qu\u1ef9 c\u00f3 quy\u1ec1n g\u1eedi th\u00f4ng b\u00e1o cho Ng\u01b0\u1eddi \u0111\u00f3ng g\u00f3p v\u1ec1 c\u00e1c d\u1ef1 \u00e1n ho\u1eb7c ch\u01b0\u01a1ng tr\u00ecnh m\u1edbi v\u00e0 c\u00e1c s\u1ef1 ki\u1ec7n kh\u00e1c. Ng\u01b0\u1eddi \u0111\u00f3ng g\u00f3p lu\u00f4n c\u00f3 th\u1ec3 t\u1eeb ch\u1ed1i nh\u1eadn c\u00e1c tin nh\u1eafn cung c\u1ea5p th\u00f4ng tin b\u1eb1ng c\u00e1ch g\u1eedi th\u01b0 cho Qu\u1ef9 \u0111\u1ebfn h\u00f2m th\u01b0 \u0111i\u1ec7n t\u1eed info@fonddruzhba.ru v\u1edbi ghi ch\u00fa \u201cT\u1eeb ch\u1ed1i nh\u1eadn th\u00f4ng b\u00e1o v\u1ec1 c\u00e1c d\u1ef1 \u00e1n ho\u1eb7c ch\u01b0\u01a1ng tr\u00ecnh m\u1edbi v\u00e0 c\u00e1c s\u1ef1 ki\u1ec7n kh\u00e1c\u201d.<\/p>\n\n\n\n<p>4.3. D\u1eef li\u1ec7u Ng\u01b0\u1eddi d\u00f9ng \u1ea9n danh \u0111\u01b0\u1ee3c thu th\u1eadp b\u1eb1ng d\u1ecbch v\u1ee5 th\u1ed1ng k\u00ea Internet \u0111\u01b0\u1ee3c s\u1eed d\u1ee5ng \u0111\u1ec3 thu th\u1eadp th\u00f4ng tin v\u1ec1 c\u00e1c h\u00e0nh \u0111\u1ed9ng c\u1ee7a Ng\u01b0\u1eddi d\u00f9ng tr\u00ean trang web, c\u1ea3i thi\u1ec7n ch\u1ea5t l\u01b0\u1ee3ng c\u1ee7a trang web v\u00e0 n\u1ed9i dung c\u1ee7a trang web.<\/p>\n\n\n\n<p>5. C\u01a1 s\u1edf ph\u00e1p l\u00fd \u0111\u1ec3 x\u1eed l\u00fd d\u1eef li\u1ec7u c\u00e1 nh\u00e2n<\/p>\n\n\n\n<p>5.1. Qu\u1ef9 ch\u1ec9 x\u1eed l\u00fd d\u1eef li\u1ec7u c\u00e1 nh\u00e2n c\u1ee7a Ng\u01b0\u1eddi \u0111\u00f3ng g\u00f3p n\u1ebfu d\u1eef li\u1ec7u \u0111\u00f3 \u0111\u01b0\u1ee3c Ng\u01b0\u1eddi \u0111\u00f3ng g\u00f3p \u0111i\u1ec1n v\u00e0 \/ ho\u1eb7c g\u1eedi m\u1ed9t c\u00e1ch t\u1ef1 nguy\u1ec7n th\u00f4ng qua c\u00e1c bi\u1ec3u m\u1eabu tr\u00ean Trang web. B\u1eb1ng c\u00e1ch \u0111i\u1ec1n v\u00e0o c\u00e1c bi\u1ec3u m\u1eabu th\u00edch h\u1ee3p ho\u1eb7c g\u1eedi d\u1eef li\u1ec7u c\u00e1 nh\u00e2n c\u1ee7a m\u00ecnh cho Qu\u1ef9, Ng\u01b0\u1eddi \u0111\u00f3ng g\u00f3p \u0111\u1ed3ng \u00fd v\u1edbi Ch\u00ednh s\u00e1ch n\u00e0y.<\/p>\n\n\n\n<p>5.2. Qu\u1ef9 x\u1eed l\u00fd d\u1eef li\u1ec7u \u1ea9n danh v\u1ec1 Ng\u01b0\u1eddi d\u00f9ng n\u1ebfu d\u1eef li\u1ec7u \u0111\u00f3 \u0111\u01b0\u1ee3c cho ph\u00e9p trong c\u00e1c c\u00e0i \u0111\u1eb7t tr\u00ecnh duy\u1ec7t c\u1ee7a Ng\u01b0\u1eddi d\u00f9ng (vi\u1ec7c l\u01b0u tr\u1eef cookie v\u00e0 s\u1eed d\u1ee5ng c\u00f4ng ngh\u1ec7 JavaScript \u0111\u01b0\u1ee3c b\u1eadt).<\/p>\n\n\n\n<p>6. Quy tr\u00ecnh thu th\u1eadp, l\u01b0u tr\u1eef, chuy\u1ec3n giao v\u00e0 c\u00e1c lo\u1ea1i x\u1eed l\u00fd d\u1eef li\u1ec7u c\u00e1 nh\u00e2n kh\u00e1c<\/p>\n\n\n\n<p>T\u00ednh b\u1ea3o m\u1eadt c\u1ee7a d\u1eef li\u1ec7u c\u00e1 nh\u00e2n do Qu\u1ef9 x\u1eed l\u00fd \u0111\u01b0\u1ee3c \u0111\u1ea3m b\u1ea3o th\u00f4ng qua vi\u1ec7c th\u1ef1c hi\u1ec7n c\u00e1c bi\u1ec7n ph\u00e1p ph\u00e1p l\u00fd, t\u1ed5 ch\u1ee9c v\u00e0 k\u1ef9 thu\u1eadt c\u1ea7n thi\u1ebft \u0111\u1ec3 tu\u00e2n th\u1ee7 \u0111\u1ea7y \u0111\u1ee7 c\u00e1c y\u00eau c\u1ea7u c\u1ee7a ph\u00e1p lu\u1eadt hi\u1ec7n h\u00e0nh trong l\u0129nh v\u1ef1c b\u1ea3o v\u1ec7 d\u1eef li\u1ec7u c\u00e1 nh\u00e2n.<\/p>\n\n\n\n<p>6.1. Qu\u1ef9 \u0111\u1ea3m b\u1ea3o s\u1ef1 an to\u00e0n c\u1ee7a d\u1eef li\u1ec7u c\u00e1 nh\u00e2n v\u00e0 th\u1ef1c hi\u1ec7n t\u1ea5t c\u1ea3 c\u00e1c bi\u1ec7n ph\u00e1p c\u00f3 th\u1ec3 \u0111\u1ec3 lo\u1ea1i tr\u1eeb quy\u1ec1n truy c\u1eadp v\u00e0o d\u1eef li\u1ec7u c\u00e1 nh\u00e2n c\u1ee7a nh\u1eefng ng\u01b0\u1eddi kh\u00f4ng \u0111\u01b0\u1ee3c ph\u00e9p.<\/p>\n\n\n\n<p>6.2. D\u1eef li\u1ec7u c\u00e1 nh\u00e2n c\u1ee7a Ng\u01b0\u1eddi \u0111\u00f3ng g\u00f3p c\u00f3 th\u1ec3 \u0111\u01b0\u1ee3c chuy\u1ec3n cho b\u00ean th\u1ee9 ba (tr\u00ean c\u01a1 s\u1edf th\u1ecfa thu\u1eadn v\u1edbi Qu\u1ef9) nh\u1eb1m m\u1ee5c \u0111\u00edch th\u1ef1c hi\u1ec7n ch\u00ednh s\u00e1ch n\u00e0y ho\u1eb7c \u0110\u1ec1 ngh\u1ecb, bao g\u1ed3m c\u00e1c h\u00e0nh \u0111\u1ed9ng sau: thu th\u1eadp, ghi l\u1ea1i, h\u1ec7 th\u1ed1ng h\u00f3a, t\u00edch l\u0169y, l\u01b0u tr\u1eef, l\u00e0m r\u00f5 (c\u1eadp nh\u1eadt, thay \u0111\u1ed5i), tr\u00edch xu\u1ea5t, s\u1eed d\u1ee5ng, chuy\u1ec3n giao (\u0111\u0103ng, c\u00f4ng b\u1ed1, cung c\u1ea5p, truy c\u1eadp), \u1ea9n danh, ch\u1eb7n, x\u00f3a, ph\u00e1 h\u1ee7y d\u1eef li\u1ec7u c\u00e1 nh\u00e2n. Trong t\u1ea5t c\u1ea3 c\u00e1c tr\u01b0\u1eddng h\u1ee3p kh\u00e1c, Qu\u1ef9 cam k\u1ebft kh\u00f4ng ti\u1ebft l\u1ed9 th\u00f4ng tin c\u00e1 nh\u00e2n c\u1ee7a Ng\u01b0\u1eddi \u0111\u00f3ng g\u00f3p cho b\u00ean th\u1ee9 ba m\u00e0 kh\u00f4ng c\u00f3 s\u1ef1 \u0111\u1ed3ng \u00fd b\u1eb1ng v\u0103n b\u1ea3n. M\u1ed9t ngo\u1ea1i l\u1ec7 l\u00e0 y\u00eau c\u1ea7u th\u00f4ng tin n\u00e0y \u0111\u01b0\u1ee3c \u0111\u01b0a ra b\u1edfi c\u00e1c c\u01a1 quan ch\u00ednh ph\u1ee7 c\u00f3 th\u1ea9m quy\u1ec1n y\u00eau c\u1ea7u th\u00f4ng tin \u0111\u00f3.<\/p>\n\n\n\n<p>6.3. Ng\u01b0\u1eddi \u0111\u00f3ng g\u00f3p ch\u1ecbu tr\u00e1ch nhi\u1ec7m v\u1ec1 t\u00ednh ch\u00ednh x\u00e1c c\u1ee7a d\u1eef li\u1ec7u c\u00e1 nh\u00e2n khi nh\u1eadp v\u00e0o c\u00e1c bi\u1ec3u m\u1eabu tr\u00ean Trang web. Trong tr\u01b0\u1eddng h\u1ee3p d\u1eef li\u1ec7u c\u00e1 nh\u00e2n kh\u00f4ng ch\u00ednh x\u00e1c, Ng\u01b0\u1eddi \u0111\u00f3ng g\u00f3p c\u00f3 th\u1ec3 c\u1eadp nh\u1eadt ch\u00fang b\u1eb1ng c\u00e1ch g\u1eedi th\u00f4ng b\u00e1o cho Qu\u1ef9 \u0111\u1ebfn h\u00f2m th\u01b0 \u0111i\u1ec7n t\u1eed c\u1ee7a Qu\u1ef9 info@fonddruzhba.ru v\u1edbi ghi ch\u00fa &#8220;C\u1ea7n c\u1eadp nh\u1eadt d\u1eef li\u1ec7u c\u00e1 nh\u00e2n&#8221;.<\/p>\n\n\n\n<p>6.4. Th\u1eddi h\u1ea1n x\u1eed l\u00fd d\u1eef li\u1ec7u c\u00e1 nh\u00e2n l\u00e0 kh\u00f4ng gi\u1edbi h\u1ea1n. Ng\u01b0\u1eddi \u0111\u00f3ng g\u00f3p c\u00f3 th\u1ec3 thu h\u1ed3i s\u1ef1 \u0111\u1ed3ng \u00fd c\u1ee7a m\u00ecnh \u0111\u1ed1i v\u1edbi vi\u1ec7c x\u1eed l\u00fd d\u1eef li\u1ec7u c\u00e1 nh\u00e2n b\u1ea5t c\u1ee9 l\u00fac n\u00e0o b\u1eb1ng c\u00e1ch g\u1eedi th\u00f4ng b\u00e1o cho Qu\u1ef9 \u0111\u1ebfn h\u00f2m th\u01b0 \u0111i\u1ec7n t\u1eed c\u1ee7a Qu\u1ef9 info@fonddruzhba.ru v\u1edbi ghi ch\u00fa \u201cThu h\u1ed3i s\u1ef1 \u0111\u1ed3ng \u00fd \u0111\u1ed1i v\u1edbi vi\u1ec7c x\u1eed l\u00fd d\u1eef li\u1ec7u c\u00e1 nh\u00e2n\u201d .<\/p>\n\n\n\n<p>7. \u0110i\u1ec1u kho\u1ea3n cu\u1ed1i c\u00f9ng<\/p>\n\n\n\n<p>7.1. Ng\u01b0\u1eddi \u0111\u00f3ng g\u00f3p c\u00f3 th\u1ec3 nh\u1eadn \u0111\u01b0\u1ee3c b\u1ea5t k\u1ef3 l\u1eddi gi\u1ea3i th\u00edch n\u00e0o v\u1ec1 c\u00e1c v\u1ea5n \u0111\u1ec1 quan t\u00e2m li\u00ean quan \u0111\u1ebfn vi\u1ec7c x\u1eed l\u00fd d\u1eef li\u1ec7u c\u00e1 nh\u00e2n c\u1ee7a m\u00ecnh b\u1eb1ng c\u00e1ch li\u00ean h\u1ec7 v\u1edbi Qu\u1ef9 qua h\u00f2m th\u01b0 \u0111i\u1ec7n t\u1eed info@fonddruzhba.ru.<\/p>\n\n\n\n<p>7.2. T\u00e0i li\u1ec7u n\u00e0y s\u1ebd ph\u1ea3n \u00e1nh b\u1ea5t k\u1ef3 thay \u0111\u1ed5i n\u00e0o trong ch\u00ednh s\u00e1ch x\u1eed l\u00fd d\u1eef li\u1ec7u c\u00e1 nh\u00e2n c\u1ee7a Qu\u1ef9. Ch\u00ednh s\u00e1ch c\u00f3 hi\u1ec7u l\u1ef1c v\u00f4 th\u1eddi h\u1ea1n cho \u0111\u1ebfn khi \u0111\u01b0\u1ee3c thay th\u1ebf b\u1eb1ng m\u1ed9t phi\u00ean b\u1ea3n m\u1edbi.<\/p>\n\n\n\n<p>7.3. Phi\u00ean b\u1ea3n hi\u1ec7n t\u1ea1i c\u1ee7a Ch\u00ednh s\u00e1ch \u0111\u01b0\u1ee3c \u0111\u0103ng t\u1ea1i \u0111\u1ecba ch\u1ec9 https:\/\/fonddruzhba.ru\/ vi\/chinh-sach-bao-mat.<\/p>\n","protected":false},"excerpt":{"rendered":"<p>1. Quy \u0111\u1ecbnh chung Ch\u00ednh s\u00e1ch x\u1eed l\u00fd d\u1eef li\u1ec7u c\u00e1 nh\u00e2n n\u00e0y \u0111\u01b0\u1ee3c so\u1ea1n th\u1ea3o ph\u00f9 h\u1ee3p v\u1edbi c\u00e1c y\u00eau c\u1ea7u c\u1ee7a Lu\u1eadt Li\u00ean bang ng\u00e0y 27 th\u00e1ng 7 n\u0103m 2006. \u2116 152-FZ &#8220;V\u1ec1 d\u1eef li\u1ec7u c\u00e1 nh\u00e2n&#8221; v\u00e0 x\u00e1c \u0111\u1ecbnh quy tr\u00ecnh x\u1eed l\u00fd d\u1eef li\u1ec7u c\u00e1 nh\u00e2n v\u00e0 c\u00e1c bi\u1ec7n ph\u00e1p \u0111\u1ea3m&#8230;<\/p>\n","protected":false},"author":1,"featured_media":0,"parent":0,"menu_order":0,"comment_status":"closed","ping_status":"closed","template":"","meta":{"_acf_changed":false,"footnotes":""},"class_list":["post-425","page","type-page","status-publish","hentry"],"acf":[],"_links":{"self":[{"href":"https:\/\/fonddruzhba.ru\/vi\/wp-json\/wp\/v2\/pages\/425","targetHints":{"allow":["GET"]}}],"collection":[{"href":"https:\/\/fonddruzhba.ru\/vi\/wp-json\/wp\/v2\/pages"}],"about":[{"href":"https:\/\/fonddruzhba.ru\/vi\/wp-json\/wp\/v2\/types\/page"}],"author":[{"embeddable":true,"href":"https:\/\/fonddruzhba.ru\/vi\/wp-json\/wp\/v2\/users\/1"}],"replies":[{"embeddable":true,"href":"https:\/\/fonddruzhba.ru\/vi\/wp-json\/wp\/v2\/comments?post=425"}],"version-history":[{"count":9,"href":"https:\/\/fonddruzhba.ru\/vi\/wp-json\/wp\/v2\/pages\/425\/revisions"}],"predecessor-version":[{"id":1662,"href":"https:\/\/fonddruzhba.ru\/vi\/wp-json\/wp\/v2\/pages\/425\/revisions\/1662"}],"wp:attachment":[{"href":"https:\/\/fonddruzhba.ru\/vi\/wp-json\/wp\/v2\/media?parent=425"}],"curies":[{"name":"wp","href":"https:\/\/api.w.org\/{rel}","templated":true}]}}