{"id":789,"date":"2021-06-15T10:30:46","date_gmt":"2021-06-15T07:30:46","guid":{"rendered":"https:\/\/fonddruzhba.ru\/?page_id=789"},"modified":"2021-06-22T18:38:12","modified_gmt":"2021-06-22T15:38:12","slug":"huong-dan-quyen-gop","status":"publish","type":"page","link":"https:\/\/fonddruzhba.ru\/vi\/huong-dan-quyen-gop\/","title":{"rendered":"H\u01b0\u1edbng d\u1eabn quy\u00ean g\u00f3p"},"content":{"rendered":"\n<p>\u0110\u1ec3 quy\u00ean g\u00f3p cho d\u1ef1 \u00e1n, b\u1ea1n c\u1ea7n k\u00e9o xu\u1ed1ng cu\u1ed1i trang v\u00e0 b\u1ea5m v\u00e0o n\u00fat Quy\u00ean g\u00f3p<\/p>\n\n\n\n<figure class=\"wp-block-image size-large\"><img loading=\"lazy\" decoding=\"async\" width=\"1024\" height=\"622\" src=\"https:\/\/fonddruzhba.ru\/wp-content\/uploads\/2021\/06\/quyengop-1024x622.jpg\" alt=\"\" class=\"wp-image-849\" srcset=\"https:\/\/fonddruzhba.ru\/wp-content\/uploads\/2021\/06\/quyengop-1024x622.jpg 1024w, https:\/\/fonddruzhba.ru\/wp-content\/uploads\/2021\/06\/quyengop-300x182.jpg 300w, https:\/\/fonddruzhba.ru\/wp-content\/uploads\/2021\/06\/quyengop-768x467.jpg 768w, https:\/\/fonddruzhba.ru\/wp-content\/uploads\/2021\/06\/quyengop.jpg 1461w\" sizes=\"auto, (max-width: 1024px) 100vw, 1024px\" \/><\/figure>\n\n\n\n<p>B\u01b0\u1edbc ti\u1ebfp theo, b\u1ea1n c\u1ea7n ch\u1ecdn \u0111\u00f3ng g\u00f3p theo danh ngh\u0129a c\u00e1 nh\u00e2n hay doanh nghi\u1ec7p<\/p>\n\n\n\n<figure class=\"wp-block-image size-large\"><img loading=\"lazy\" decoding=\"async\" width=\"768\" height=\"520\" src=\"https:\/\/fonddruzhba.ru\/wp-content\/uploads\/2021\/06\/quyengop1-768x520.jpg\" alt=\"\" class=\"wp-image-855\" srcset=\"https:\/\/fonddruzhba.ru\/wp-content\/uploads\/2021\/06\/quyengop1-768x520.jpg 768w, https:\/\/fonddruzhba.ru\/wp-content\/uploads\/2021\/06\/quyengop1-300x203.jpg 300w, https:\/\/fonddruzhba.ru\/wp-content\/uploads\/2021\/06\/quyengop1.jpg 920w\" sizes=\"auto, (max-width: 768px) 100vw, 768px\" \/><\/figure>\n\n\n\n<p>Trong tr\u01b0\u1eddng h\u1ee3p l\u00e0 C\u00e1 nh\u00e2n, b\u1ea1n \u0111i\u1ec1n th\u00f4ng tin c\u00e1 nh\u00e2n v\u00e0o c\u00e1c m\u1ee5c t\u01b0\u01a1ng \u1ee9ng. Nh\u1eefng \u00f4 c\u00f3 d\u1ea5u * l\u00e0 b\u1eaft bu\u1ed9c ph\u1ea3i \u0111i\u1ec1n. C\u00e1c d\u1eef li\u1ec7u n\u00e0y Qu\u1ef9 s\u1ebd t\u1ed5ng h\u1ee3p v\u00e0 \u0111\u01b0a v\u00e0o danh s\u00e1ch c\u00e1c nh\u00e0 h\u1ea3o t\u00e2m. <\/p>\n\n\n\n<figure class=\"wp-block-image size-large\"><img loading=\"lazy\" decoding=\"async\" width=\"768\" height=\"690\" src=\"https:\/\/fonddruzhba.ru\/wp-content\/uploads\/2021\/06\/form1-768x690.jpg\" alt=\"\" class=\"wp-image-852\" srcset=\"https:\/\/fonddruzhba.ru\/wp-content\/uploads\/2021\/06\/form1-768x690.jpg 768w, https:\/\/fonddruzhba.ru\/wp-content\/uploads\/2021\/06\/form1-300x270.jpg 300w, https:\/\/fonddruzhba.ru\/wp-content\/uploads\/2021\/06\/form1.jpg 935w\" sizes=\"auto, (max-width: 768px) 100vw, 768px\" \/><\/figure>\n\n\n\n<p>\u0110\u1ec3 k\u1ebft th\u00fac b\u1ea1n ch\u1ecdn T\u00f4i \u0111\u1ed3ng \u00fd v\u1edbi h\u1ee3p \u0111\u1ed3ng quy\u00ean g\u00f3p v\u00e0 ch\u00ednh s\u00e1ch b\u1ea3o m\u1eadt c\u1ee7a Qu\u1ef9, sau \u0111\u00f3 b\u1ea5m v\u00e0o Quy\u00ean g\u00f3p<\/p>\n\n\n\n<figure class=\"wp-block-image size-large\"><img loading=\"lazy\" decoding=\"async\" width=\"768\" height=\"503\" src=\"https:\/\/fonddruzhba.ru\/wp-content\/uploads\/2021\/06\/form2-768x503.jpg\" alt=\"\" class=\"wp-image-847\" srcset=\"https:\/\/fonddruzhba.ru\/wp-content\/uploads\/2021\/06\/form2-768x503.jpg 768w, https:\/\/fonddruzhba.ru\/wp-content\/uploads\/2021\/06\/form2-300x197.jpg 300w, https:\/\/fonddruzhba.ru\/wp-content\/uploads\/2021\/06\/form2.jpg 916w\" sizes=\"auto, (max-width: 768px) 100vw, 768px\" \/><\/figure>\n\n\n\n<p>Ti\u1ebfp \u0111\u00f3 b\u1ea1n s\u1ebd \u0111\u01b0\u1ee3c chuy\u1ec3n qua trang quy\u00ean g\u00f3p c\u1ee7a Sberbank. T\u1ea1i \u0111\u00e2y b\u1ea1n c\u00f3 th\u1ec3 s\u1eed d\u1ee5ng c\u00e1c c\u00e1ch th\u1ee9c quy\u00ean g\u00f3p sau:<br>Quy\u00ean g\u00f3p b\u1eb1ng s\u1ed1 th\u1ebb: b\u1ea1n \u0111i\u1ec1n th\u00f4ng tin th\u1ebb v\u00e0o c\u00e1c \u00f4 t\u01b0\u01a1ng \u1ee9ng, sau \u0111\u00f3 b\u1ea5m v\u00e0o \u041e\u043f\u043b\u0430\u0442\u0438\u0442\u044c. Th\u00f4ng tin th\u1ebb \u0111\u01b0\u1ee3c tr\u1ea3 tr\u1ef1c ti\u1ebfp tr\u00ean trang web c\u1ee7a sberbank v\u1edbi s\u1ef1 b\u1ea3o m\u1eadt tuy\u1ec7t \u0111\u1ed1i.<br>N\u1ebfu b\u1ea1n d\u00f9ng \u0111i\u1ec7n tho\u1ea1i c\u00f3 ch\u1ee9c n\u0103ng Apple Pay ho\u1eb7c Google Pay, b\u1ea1n c\u00f3 th\u1ec3 ch\u1ecdn n\u00fat b\u1ea5m t\u01b0\u01a1ng \u1ee9ng. Trong tr\u01b0\u1eddng h\u1ee3p n\u00e0y b\u1ea1n kh\u00f4ng c\u1ea7n ph\u1ea3i \u0111i\u1ec1n c\u00e1c th\u00f4ng tin v\u1ec1 th\u1ebb. <\/p>\n\n\n\n<figure class=\"wp-block-image size-large\"><img loading=\"lazy\" decoding=\"async\" width=\"473\" height=\"1024\" src=\"https:\/\/fonddruzhba.ru\/wp-content\/uploads\/2021\/06\/tel-473x1024.jpg\" alt=\"\" class=\"wp-image-850\" srcset=\"https:\/\/fonddruzhba.ru\/wp-content\/uploads\/2021\/06\/tel-473x1024.jpg 473w, https:\/\/fonddruzhba.ru\/wp-content\/uploads\/2021\/06\/tel-139x300.jpg 139w, https:\/\/fonddruzhba.ru\/wp-content\/uploads\/2021\/06\/tel-768x1662.jpg 768w, https:\/\/fonddruzhba.ru\/wp-content\/uploads\/2021\/06\/tel-710x1536.jpg 710w, https:\/\/fonddruzhba.ru\/wp-content\/uploads\/2021\/06\/tel.jpg 828w\" sizes=\"auto, (max-width: 473px) 100vw, 473px\" \/><\/figure>\n\n\n\n<p>Khi b\u1ea1n ch\u1ecdn Apple Pay<\/p>\n\n\n\n<figure class=\"wp-block-image size-large\"><img loading=\"lazy\" decoding=\"async\" width=\"473\" height=\"1024\" src=\"https:\/\/fonddruzhba.ru\/wp-content\/uploads\/2021\/06\/apple_pay-473x1024.jpg\" alt=\"\" class=\"wp-image-851\" srcset=\"https:\/\/fonddruzhba.ru\/wp-content\/uploads\/2021\/06\/apple_pay-473x1024.jpg 473w, https:\/\/fonddruzhba.ru\/wp-content\/uploads\/2021\/06\/apple_pay-139x300.jpg 139w, https:\/\/fonddruzhba.ru\/wp-content\/uploads\/2021\/06\/apple_pay-768x1662.jpg 768w, https:\/\/fonddruzhba.ru\/wp-content\/uploads\/2021\/06\/apple_pay-710x1536.jpg 710w, https:\/\/fonddruzhba.ru\/wp-content\/uploads\/2021\/06\/apple_pay.jpg 828w\" sizes=\"auto, (max-width: 473px) 100vw, 473px\" \/><\/figure>\n\n\n\n<p>Khi b\u1ea1n ch\u1ecdn Google Pay<\/p>\n\n\n\n<figure class=\"wp-block-image size-large\"><img loading=\"lazy\" decoding=\"async\" width=\"534\" height=\"350\" src=\"https:\/\/fonddruzhba.ru\/wp-content\/uploads\/2021\/06\/g_pay-534x350.jpg\" alt=\"\" class=\"wp-image-848\"\/><\/figure>\n\n\n\n<p>Th\u00f4ng b\u00e1o khi quy\u00ean g\u00f3p th\u00e0nh c\u00f4ng<\/p>\n\n\n\n<figure class=\"wp-block-image size-large\"><img loading=\"lazy\" decoding=\"async\" width=\"1024\" height=\"229\" src=\"https:\/\/fonddruzhba.ru\/wp-content\/uploads\/2021\/06\/canhan_ketthuc-1024x229.jpg\" alt=\"\" class=\"wp-image-859\" srcset=\"https:\/\/fonddruzhba.ru\/wp-content\/uploads\/2021\/06\/canhan_ketthuc-1024x229.jpg 1024w, https:\/\/fonddruzhba.ru\/wp-content\/uploads\/2021\/06\/canhan_ketthuc-300x67.jpg 300w, https:\/\/fonddruzhba.ru\/wp-content\/uploads\/2021\/06\/canhan_ketthuc-768x172.jpg 768w, https:\/\/fonddruzhba.ru\/wp-content\/uploads\/2021\/06\/canhan_ketthuc.jpg 1499w\" sizes=\"auto, (max-width: 1024px) 100vw, 1024px\" \/><\/figure>\n\n\n\n<p>Trong tr\u01b0\u1eddng h\u1ee3p l\u00e0 Doanh nghi\u1ec7p, b\u1ea1n \u0111i\u1ec1n th\u00f4ng tin doanh nghi\u1ec7p v\u00e0o c\u00e1c m\u1ee5c t\u01b0\u01a1ng \u1ee9ng. Nh\u1eefng \u00f4 c\u00f3 d\u1ea5u * l\u00e0 b\u1eaft bu\u1ed9c ph\u1ea3i \u0111i\u1ec1n. Qu\u1ef9 sau \u0111\u00f3 s\u1ebd li\u00ean l\u1ea1c v\u00e0 k\u00fd h\u1ee3p \u0111\u1ed3ng quy\u00ean g\u00f3p v\u1edbi doanh nghi\u1ec7p. \u0110\u1ec3 k\u1ebft th\u00fac b\u1ea1n ch\u1ecdn T\u00f4i \u0111\u1ed3ng \u00fd v\u1edbi h\u1ee3p \u0111\u1ed3ng quy\u00ean g\u00f3p v\u00e0 ch\u00ednh s\u00e1ch b\u1ea3o m\u1eadt c\u1ee7a Qu\u1ef9, sau \u0111\u00f3 b\u1ea5m v\u00e0o Quy\u00ean g\u00f3p <\/p>\n\n\n\n<figure class=\"wp-block-image size-large\"><img loading=\"lazy\" decoding=\"async\" width=\"768\" height=\"696\" src=\"https:\/\/fonddruzhba.ru\/wp-content\/uploads\/2021\/06\/doanhnghiepform-768x696.jpg\" alt=\"\" class=\"wp-image-862\" srcset=\"https:\/\/fonddruzhba.ru\/wp-content\/uploads\/2021\/06\/doanhnghiepform-768x696.jpg 768w, https:\/\/fonddruzhba.ru\/wp-content\/uploads\/2021\/06\/doanhnghiepform-300x272.jpg 300w, https:\/\/fonddruzhba.ru\/wp-content\/uploads\/2021\/06\/doanhnghiepform.jpg 918w\" sizes=\"auto, (max-width: 768px) 100vw, 768px\" \/><\/figure>\n\n\n\n<p>Ti\u1ebfp \u0111\u00f3 b\u1ea1n s\u1ebd \u0111\u01b0\u1ee3c chuy\u1ec3n qua trang c\u00f3 th\u00f4ng tin c\u1ee7a Qu\u1ef9 \u0111\u1ec3 chuy\u1ec3n ti\u1ec1n<\/p>\n\n\n\n<figure class=\"wp-block-image size-large\"><img loading=\"lazy\" decoding=\"async\" width=\"768\" height=\"633\" src=\"https:\/\/fonddruzhba.ru\/wp-content\/uploads\/2021\/06\/doanhnghiep_ketthuc-768x633.jpg\" alt=\"\" class=\"wp-image-863\" srcset=\"https:\/\/fonddruzhba.ru\/wp-content\/uploads\/2021\/06\/doanhnghiep_ketthuc-768x633.jpg 768w, https:\/\/fonddruzhba.ru\/wp-content\/uploads\/2021\/06\/doanhnghiep_ketthuc-300x247.jpg 300w, https:\/\/fonddruzhba.ru\/wp-content\/uploads\/2021\/06\/doanhnghiep_ketthuc.jpg 885w\" sizes=\"auto, (max-width: 768px) 100vw, 768px\" \/><\/figure>\n","protected":false},"excerpt":{"rendered":"<p>\u0110\u1ec3 quy\u00ean g\u00f3p cho d\u1ef1 \u00e1n, b\u1ea1n c\u1ea7n k\u00e9o xu\u1ed1ng cu\u1ed1i trang v\u00e0 b\u1ea5m v\u00e0o n\u00fat Quy\u00ean g\u00f3p B\u01b0\u1edbc ti\u1ebfp theo, b\u1ea1n c\u1ea7n ch\u1ecdn \u0111\u00f3ng g\u00f3p theo danh ngh\u0129a c\u00e1 nh\u00e2n hay doanh nghi\u1ec7p Trong tr\u01b0\u1eddng h\u1ee3p l\u00e0 C\u00e1 nh\u00e2n, b\u1ea1n \u0111i\u1ec1n th\u00f4ng tin c\u00e1 nh\u00e2n v\u00e0o c\u00e1c m\u1ee5c t\u01b0\u01a1ng \u1ee9ng. Nh\u1eefng \u00f4 c\u00f3 d\u1ea5u&#8230;<\/p>\n","protected":false},"author":2,"featured_media":0,"parent":0,"menu_order":0,"comment_status":"closed","ping_status":"closed","template":"","meta":{"_acf_changed":false,"footnotes":""},"class_list":["post-789","page","type-page","status-publish","hentry"],"acf":[],"_links":{"self":[{"href":"https:\/\/fonddruzhba.ru\/vi\/wp-json\/wp\/v2\/pages\/789","targetHints":{"allow":["GET"]}}],"collection":[{"href":"https:\/\/fonddruzhba.ru\/vi\/wp-json\/wp\/v2\/pages"}],"about":[{"href":"https:\/\/fonddruzhba.ru\/vi\/wp-json\/wp\/v2\/types\/page"}],"author":[{"embeddable":true,"href":"https:\/\/fonddruzhba.ru\/vi\/wp-json\/wp\/v2\/users\/2"}],"replies":[{"embeddable":true,"href":"https:\/\/fonddruzhba.ru\/vi\/wp-json\/wp\/v2\/comments?post=789"}],"version-history":[{"count":6,"href":"https:\/\/fonddruzhba.ru\/vi\/wp-json\/wp\/v2\/pages\/789\/revisions"}],"predecessor-version":[{"id":866,"href":"https:\/\/fonddruzhba.ru\/vi\/wp-json\/wp\/v2\/pages\/789\/revisions\/866"}],"wp:attachment":[{"href":"https:\/\/fonddruzhba.ru\/vi\/wp-json\/wp\/v2\/media?parent=789"}],"curies":[{"name":"wp","href":"https:\/\/api.w.org\/{rel}","templated":true}]}}